{"id":921,"date":"2020-12-17T15:18:45","date_gmt":"2020-12-17T20:18:45","guid":{"rendered":"https:\/\/swit.sociationdev.com\/?page_id=921"},"modified":"2020-12-18T10:52:08","modified_gmt":"2020-12-18T15:52:08","slug":"become-an-ally","status":"publish","type":"page","link":"https:\/\/switcanada.caf-fca.org\/fr\/become-an-ally\/","title":{"rendered":"Become an Ally"},"content":{"rendered":"<section id=\"contac_sec\" class=\"form-section sm-padding\">\r\n        <div class=\"container\">\r\n            <div class=\"heading-seciton text-center\">\r\n                <h2>DEVENEZ UN #ALLI\u00c9<span class=\"blue-text\">SWiT<\/span><\/h2>\r\n                <h6 class=\"grey-text sub-heading\">M\u00eame si vous n&rsquo;\u00eates pas un employeur qui embauche ou forme directement des femmes de m\u00e9tier,<span class=\"block-text\">vous pouvez toujours faire partie de la solution!  A #ALLI\u00c9SWiT est une organisation qui identifie les obstacles <\/span> <span class=\"block-text\" auxquels les femmes sont confront\u00e9es dans les milieux de travail sp\u00e9cialis\u00e9s et les aborde gr\u00e2ce \u00e0 ses politiques<\/span><span class=\"block-text\">et programmes.<\/span><\/h6>\r\n            <\/div>\r\n            <div class=\"form-wrapper\"><\/div>\r\n        <\/div>\r\n    <\/section><!--form-section-->\r\n","protected":false},"excerpt":{"rendered":"<p>DEVENEZ UN #ALLI\u00c9SWiT M\u00eame si vous n&rsquo;\u00eates pas un employeur qui embauche ou forme directement des femmes de m\u00e9tier,vous pouvez toujours faire partie de la solution! A #ALLI\u00c9SWiT est une organisation qui identifie les obstacles<\/p>\n","protected":false},"author":2,"featured_media":0,"parent":0,"menu_order":0,"comment_status":"closed","ping_status":"closed","template":"","meta":{"_acf_changed":false,"_genesis_hide_title":false,"_genesis_hide_breadcrumbs":false,"_genesis_hide_singular_image":false,"_genesis_hide_footer_widgets":false,"_genesis_custom_body_class":"","_genesis_custom_post_class":"","_genesis_layout":"full-width-content","footnotes":""},"class_list":{"0":"post-921","1":"page","2":"type-page","3":"status-publish","5":"entry"},"acf":[],"yoast_head":"<!-- This site is optimized with the Yoast SEO plugin v25.1 - https:\/\/yoast.com\/wordpress\/plugins\/seo\/ -->\n<title>Become an Ally - SWIT<\/title>\n<meta name=\"robots\" content=\"index, follow, max-snippet:-1, max-image-preview:large, max-video-preview:-1\" \/>\n<link rel=\"canonical\" href=\"https:\/\/switcanada.caf-fca.org\/fr\/become-an-ally\/\" \/>\n<meta property=\"og:locale\" content=\"fr_FR\" \/>\n<meta property=\"og:type\" content=\"article\" \/>\n<meta property=\"og:title\" content=\"Become an Ally - SWIT\" \/>\n<meta property=\"og:description\" content=\"DEVENEZ UN #ALLI\u00c9SWiT M\u00eame si vous n&rsquo;\u00eates pas un employeur qui embauche ou forme directement des femmes de m\u00e9tier,vous pouvez toujours faire partie de la solution! A #ALLI\u00c9SWiT est une organisation qui identifie les obstacles\" \/>\n<meta property=\"og:url\" content=\"https:\/\/switcanada.caf-fca.org\/fr\/become-an-ally\/\" \/>\n<meta property=\"og:site_name\" content=\"SWIT\" \/>\n<meta property=\"article:modified_time\" content=\"2020-12-18T15:52:08+00:00\" \/>\n<meta property=\"og:image\" content=\"https:\/\/switcanada.caf-fca.org\/wp-content\/uploads\/2020\/06\/SWiT_CAF_FinalLogo-footer.jpg\" \/>\n\t<meta property=\"og:image:width\" content=\"450\" \/>\n\t<meta property=\"og:image:height\" content=\"235\" \/>\n\t<meta property=\"og:image:type\" content=\"image\/jpeg\" \/>\n<meta name=\"twitter:card\" content=\"summary_large_image\" \/>\n<script type=\"application\/ld+json\" class=\"yoast-schema-graph\">{\"@context\":\"https:\/\/schema.org\",\"@graph\":[{\"@type\":\"WebPage\",\"@id\":\"https:\/\/switcanada.caf-fca.org\/fr\/become-an-ally\/\",\"url\":\"https:\/\/switcanada.caf-fca.org\/fr\/become-an-ally\/\",\"name\":\"Become an Ally - SWIT\",\"isPartOf\":{\"@id\":\"https:\/\/switcanada.caf-fca.org\/#website\"},\"datePublished\":\"2020-12-17T20:18:45+00:00\",\"dateModified\":\"2020-12-18T15:52:08+00:00\",\"breadcrumb\":{\"@id\":\"https:\/\/switcanada.caf-fca.org\/fr\/become-an-ally\/#breadcrumb\"},\"inLanguage\":\"fr-FR\",\"potentialAction\":[{\"@type\":\"ReadAction\",\"target\":[\"https:\/\/switcanada.caf-fca.org\/fr\/become-an-ally\/\"]}]},{\"@type\":\"BreadcrumbList\",\"@id\":\"https:\/\/switcanada.caf-fca.org\/fr\/become-an-ally\/#breadcrumb\",\"itemListElement\":[{\"@type\":\"ListItem\",\"position\":1,\"name\":\"Home\",\"item\":\"https:\/\/switcanada.caf-fca.org\/fr\/\"},{\"@type\":\"ListItem\",\"position\":2,\"name\":\"Become an Ally\"}]},{\"@type\":\"WebSite\",\"@id\":\"https:\/\/switcanada.caf-fca.org\/#website\",\"url\":\"https:\/\/switcanada.caf-fca.org\/\",\"name\":\"SWIT\",\"description\":\"Soutenir les femmes dans les m\u00e9tiers\",\"publisher\":{\"@id\":\"https:\/\/switcanada.caf-fca.org\/#organization\"},\"potentialAction\":[{\"@type\":\"SearchAction\",\"target\":{\"@type\":\"EntryPoint\",\"urlTemplate\":\"https:\/\/switcanada.caf-fca.org\/?s={search_term_string}\"},\"query-input\":{\"@type\":\"PropertyValueSpecification\",\"valueRequired\":true,\"valueName\":\"search_term_string\"}}],\"inLanguage\":\"fr-FR\"},{\"@type\":\"Organization\",\"@id\":\"https:\/\/switcanada.caf-fca.org\/#organization\",\"name\":\"SWIT\",\"url\":\"https:\/\/switcanada.caf-fca.org\/\",\"logo\":{\"@type\":\"ImageObject\",\"inLanguage\":\"fr-FR\",\"@id\":\"https:\/\/switcanada.caf-fca.org\/#\/schema\/logo\/image\/\",\"url\":\"https:\/\/switcanada.caf-fca.org\/wp-content\/uploads\/2020\/06\/logo.jpg\",\"contentUrl\":\"https:\/\/switcanada.caf-fca.org\/wp-content\/uploads\/2020\/06\/logo.jpg\",\"width\":353,\"height\":155,\"caption\":\"SWIT\"},\"image\":{\"@id\":\"https:\/\/switcanada.caf-fca.org\/#\/schema\/logo\/image\/\"}}]}<\/script>\n<!-- \/ Yoast SEO plugin. -->","yoast_head_json":{"title":"Become an Ally - SWIT","robots":{"index":"index","follow":"follow","max-snippet":"max-snippet:-1","max-image-preview":"max-image-preview:large","max-video-preview":"max-video-preview:-1"},"canonical":"https:\/\/switcanada.caf-fca.org\/fr\/become-an-ally\/","og_locale":"fr_FR","og_type":"article","og_title":"Become an Ally - SWIT","og_description":"DEVENEZ UN #ALLI\u00c9SWiT M\u00eame si vous n&rsquo;\u00eates pas un employeur qui embauche ou forme directement des femmes de m\u00e9tier,vous pouvez toujours faire partie de la solution! A #ALLI\u00c9SWiT est une organisation qui identifie les obstacles","og_url":"https:\/\/switcanada.caf-fca.org\/fr\/become-an-ally\/","og_site_name":"SWIT","article_modified_time":"2020-12-18T15:52:08+00:00","og_image":[{"width":450,"height":235,"url":"https:\/\/switcanada.caf-fca.org\/wp-content\/uploads\/2020\/06\/SWiT_CAF_FinalLogo-footer.jpg","type":"image\/jpeg"}],"twitter_card":"summary_large_image","schema":{"@context":"https:\/\/schema.org","@graph":[{"@type":"WebPage","@id":"https:\/\/switcanada.caf-fca.org\/fr\/become-an-ally\/","url":"https:\/\/switcanada.caf-fca.org\/fr\/become-an-ally\/","name":"Become an Ally - SWIT","isPartOf":{"@id":"https:\/\/switcanada.caf-fca.org\/#website"},"datePublished":"2020-12-17T20:18:45+00:00","dateModified":"2020-12-18T15:52:08+00:00","breadcrumb":{"@id":"https:\/\/switcanada.caf-fca.org\/fr\/become-an-ally\/#breadcrumb"},"inLanguage":"fr-FR","potentialAction":[{"@type":"ReadAction","target":["https:\/\/switcanada.caf-fca.org\/fr\/become-an-ally\/"]}]},{"@type":"BreadcrumbList","@id":"https:\/\/switcanada.caf-fca.org\/fr\/become-an-ally\/#breadcrumb","itemListElement":[{"@type":"ListItem","position":1,"name":"Home","item":"https:\/\/switcanada.caf-fca.org\/fr\/"},{"@type":"ListItem","position":2,"name":"Become an Ally"}]},{"@type":"WebSite","@id":"https:\/\/switcanada.caf-fca.org\/#website","url":"https:\/\/switcanada.caf-fca.org\/","name":"SWIT","description":"Soutenir les femmes dans les m\u00e9tiers","publisher":{"@id":"https:\/\/switcanada.caf-fca.org\/#organization"},"potentialAction":[{"@type":"SearchAction","target":{"@type":"EntryPoint","urlTemplate":"https:\/\/switcanada.caf-fca.org\/?s={search_term_string}"},"query-input":{"@type":"PropertyValueSpecification","valueRequired":true,"valueName":"search_term_string"}}],"inLanguage":"fr-FR"},{"@type":"Organization","@id":"https:\/\/switcanada.caf-fca.org\/#organization","name":"SWIT","url":"https:\/\/switcanada.caf-fca.org\/","logo":{"@type":"ImageObject","inLanguage":"fr-FR","@id":"https:\/\/switcanada.caf-fca.org\/#\/schema\/logo\/image\/","url":"https:\/\/switcanada.caf-fca.org\/wp-content\/uploads\/2020\/06\/logo.jpg","contentUrl":"https:\/\/switcanada.caf-fca.org\/wp-content\/uploads\/2020\/06\/logo.jpg","width":353,"height":155,"caption":"SWIT"},"image":{"@id":"https:\/\/switcanada.caf-fca.org\/#\/schema\/logo\/image\/"}}]}},"_links":{"self":[{"href":"https:\/\/switcanada.caf-fca.org\/fr\/wp-json\/wp\/v2\/pages\/921","targetHints":{"allow":["GET"]}}],"collection":[{"href":"https:\/\/switcanada.caf-fca.org\/fr\/wp-json\/wp\/v2\/pages"}],"about":[{"href":"https:\/\/switcanada.caf-fca.org\/fr\/wp-json\/wp\/v2\/types\/page"}],"author":[{"embeddable":true,"href":"https:\/\/switcanada.caf-fca.org\/fr\/wp-json\/wp\/v2\/users\/2"}],"replies":[{"embeddable":true,"href":"https:\/\/switcanada.caf-fca.org\/fr\/wp-json\/wp\/v2\/comments?post=921"}],"version-history":[{"count":8,"href":"https:\/\/switcanada.caf-fca.org\/fr\/wp-json\/wp\/v2\/pages\/921\/revisions"}],"predecessor-version":[{"id":936,"href":"https:\/\/switcanada.caf-fca.org\/fr\/wp-json\/wp\/v2\/pages\/921\/revisions\/936"}],"wp:attachment":[{"href":"https:\/\/switcanada.caf-fca.org\/fr\/wp-json\/wp\/v2\/media?parent=921"}],"curies":[{"name":"wp","href":"https:\/\/api.w.org\/{rel}","templated":true}]}}